{"id":1607,"date":"2021-08-09T13:59:10","date_gmt":"2021-08-09T17:59:10","guid":{"rendered":"https:\/\/kippindy.org\/join-our-team\/"},"modified":"2022-12-07T12:51:29","modified_gmt":"2022-12-07T16:51:29","slug":"careers","status":"publish","type":"page","link":"https:\/\/kippindy.org\/es\/careers\/","title":{"rendered":"Unirse a nuestro equipo"},"content":{"rendered":"","protected":false},"excerpt":{"rendered":"","protected":false},"author":1,"featured_media":0,"parent":0,"menu_order":59,"comment_status":"closed","ping_status":"closed","template":"page-blocks.php","meta":{"_acf_changed":false,"content-type":"","om_disable_all_campaigns":false,"inline_featured_image":false,"_monsterinsights_skip_tracking":false,"_monsterinsights_sitenote_active":false,"_monsterinsights_sitenote_note":"","_monsterinsights_sitenote_category":0,"_uf_show_specific_survey":0,"_uf_disable_surveys":false,"footnotes":""},"class_list":["post-1607","page","type-page","status-publish","hentry"],"acf":[],"yoast_head":"<!-- This site is optimized with the Yoast SEO plugin v27.3 - https:\/\/yoast.com\/product\/yoast-seo-wordpress\/ -->\n<title>Unirse a nuestro equipo | KIPP Indy<\/title>\n<meta name=\"description\" content=\"Estamos buscando maestros que hayan demostrado excelencia educativa y que est\u00e9n dispuestos a ir continuamente m\u00e1s all\u00e1 por nuestros estudiantes.\" \/>\n<meta name=\"robots\" content=\"index, follow, max-snippet:-1, max-image-preview:large, max-video-preview:-1\" \/>\n<link rel=\"canonical\" href=\"https:\/\/kippindy.org\/es\/careers\/\" \/>\n<meta property=\"og:locale\" content=\"es_ES\" \/>\n<meta property=\"og:type\" content=\"article\" \/>\n<meta property=\"og:title\" content=\"Unirse a nuestro equipo | KIPP Indy\" \/>\n<meta property=\"og:description\" content=\"Estamos buscando maestros que hayan demostrado excelencia educativa y que est\u00e9n dispuestos a ir continuamente m\u00e1s all\u00e1 por nuestros estudiantes.\" \/>\n<meta property=\"og:url\" content=\"https:\/\/kippindy.org\/es\/careers\/\" \/>\n<meta property=\"og:site_name\" content=\"KIPP Indy Public Schools\" \/>\n<meta property=\"article:modified_time\" content=\"2022-12-07T16:51:29+00:00\" \/>\n<meta name=\"twitter:card\" content=\"summary_large_image\" \/>\n<script type=\"application\/ld+json\" class=\"yoast-schema-graph\">{\"@context\":\"https:\\\/\\\/schema.org\",\"@graph\":[{\"@type\":\"WebPage\",\"@id\":\"https:\\\/\\\/kippindy.org\\\/es\\\/careers\\\/\",\"url\":\"https:\\\/\\\/kippindy.org\\\/es\\\/careers\\\/\",\"name\":\"Unirse a nuestro equipo | KIPP Indy\",\"isPartOf\":{\"@id\":\"https:\\\/\\\/kippindy.org\\\/es\\\/#website\"},\"datePublished\":\"2021-08-09T17:59:10+00:00\",\"dateModified\":\"2022-12-07T16:51:29+00:00\",\"description\":\"Estamos buscando maestros que hayan demostrado excelencia educativa y que est\u00e9n dispuestos a ir continuamente m\u00e1s all\u00e1 por nuestros estudiantes.\",\"breadcrumb\":{\"@id\":\"https:\\\/\\\/kippindy.org\\\/es\\\/careers\\\/#breadcrumb\"},\"inLanguage\":\"es\",\"potentialAction\":[{\"@type\":\"ReadAction\",\"target\":[\"https:\\\/\\\/kippindy.org\\\/es\\\/careers\\\/\"]}]},{\"@type\":\"BreadcrumbList\",\"@id\":\"https:\\\/\\\/kippindy.org\\\/es\\\/careers\\\/#breadcrumb\",\"itemListElement\":[{\"@type\":\"ListItem\",\"position\":1,\"name\":\"Home\",\"item\":\"https:\\\/\\\/kippindy.org\\\/es\\\/\"},{\"@type\":\"ListItem\",\"position\":2,\"name\":\"Unirse a nuestro equipo\"}]},{\"@type\":\"WebSite\",\"@id\":\"https:\\\/\\\/kippindy.org\\\/es\\\/#website\",\"url\":\"https:\\\/\\\/kippindy.org\\\/es\\\/\",\"name\":\"KIPP Indy Public Schools\",\"description\":\"Together, a future without limits.\",\"potentialAction\":[{\"@type\":\"SearchAction\",\"target\":{\"@type\":\"EntryPoint\",\"urlTemplate\":\"https:\\\/\\\/kippindy.org\\\/es\\\/?s={search_term_string}\"},\"query-input\":{\"@type\":\"PropertyValueSpecification\",\"valueRequired\":true,\"valueName\":\"search_term_string\"}}],\"inLanguage\":\"es\"}]}<\/script>\n<!-- \/ Yoast SEO plugin. -->","yoast_head_json":{"title":"Unirse a nuestro equipo | KIPP Indy","description":"Estamos buscando maestros que hayan demostrado excelencia educativa y que est\u00e9n dispuestos a ir continuamente m\u00e1s all\u00e1 por nuestros estudiantes.","robots":{"index":"index","follow":"follow","max-snippet":"max-snippet:-1","max-image-preview":"max-image-preview:large","max-video-preview":"max-video-preview:-1"},"canonical":"https:\/\/kippindy.org\/es\/careers\/","og_locale":"es_ES","og_type":"article","og_title":"Unirse a nuestro equipo | KIPP Indy","og_description":"Estamos buscando maestros que hayan demostrado excelencia educativa y que est\u00e9n dispuestos a ir continuamente m\u00e1s all\u00e1 por nuestros estudiantes.","og_url":"https:\/\/kippindy.org\/es\/careers\/","og_site_name":"KIPP Indy Public Schools","article_modified_time":"2022-12-07T16:51:29+00:00","twitter_card":"summary_large_image","schema":{"@context":"https:\/\/schema.org","@graph":[{"@type":"WebPage","@id":"https:\/\/kippindy.org\/es\/careers\/","url":"https:\/\/kippindy.org\/es\/careers\/","name":"Unirse a nuestro equipo | KIPP Indy","isPartOf":{"@id":"https:\/\/kippindy.org\/es\/#website"},"datePublished":"2021-08-09T17:59:10+00:00","dateModified":"2022-12-07T16:51:29+00:00","description":"Estamos buscando maestros que hayan demostrado excelencia educativa y que est\u00e9n dispuestos a ir continuamente m\u00e1s all\u00e1 por nuestros estudiantes.","breadcrumb":{"@id":"https:\/\/kippindy.org\/es\/careers\/#breadcrumb"},"inLanguage":"es","potentialAction":[{"@type":"ReadAction","target":["https:\/\/kippindy.org\/es\/careers\/"]}]},{"@type":"BreadcrumbList","@id":"https:\/\/kippindy.org\/es\/careers\/#breadcrumb","itemListElement":[{"@type":"ListItem","position":1,"name":"Home","item":"https:\/\/kippindy.org\/es\/"},{"@type":"ListItem","position":2,"name":"Unirse a nuestro equipo"}]},{"@type":"WebSite","@id":"https:\/\/kippindy.org\/es\/#website","url":"https:\/\/kippindy.org\/es\/","name":"KIPP Indy Public Schools","description":"Together, a future without limits.","potentialAction":[{"@type":"SearchAction","target":{"@type":"EntryPoint","urlTemplate":"https:\/\/kippindy.org\/es\/?s={search_term_string}"},"query-input":{"@type":"PropertyValueSpecification","valueRequired":true,"valueName":"search_term_string"}}],"inLanguage":"es"}]}},"_links":{"self":[{"href":"https:\/\/kippindy.org\/es\/wp-json\/wp\/v2\/pages\/1607","targetHints":{"allow":["GET"]}}],"collection":[{"href":"https:\/\/kippindy.org\/es\/wp-json\/wp\/v2\/pages"}],"about":[{"href":"https:\/\/kippindy.org\/es\/wp-json\/wp\/v2\/types\/page"}],"author":[{"embeddable":true,"href":"https:\/\/kippindy.org\/es\/wp-json\/wp\/v2\/users\/1"}],"replies":[{"embeddable":true,"href":"https:\/\/kippindy.org\/es\/wp-json\/wp\/v2\/comments?post=1607"}],"version-history":[{"count":8,"href":"https:\/\/kippindy.org\/es\/wp-json\/wp\/v2\/pages\/1607\/revisions"}],"predecessor-version":[{"id":2277,"href":"https:\/\/kippindy.org\/es\/wp-json\/wp\/v2\/pages\/1607\/revisions\/2277"}],"wp:attachment":[{"href":"https:\/\/kippindy.org\/es\/wp-json\/wp\/v2\/media?parent=1607"}],"curies":[{"name":"wp","href":"https:\/\/api.w.org\/{rel}","templated":true}]}}