{"id":1685,"date":"2021-08-09T18:49:05","date_gmt":"2021-08-09T22:49:05","guid":{"rendered":"https:\/\/kippindy.org\/why-kipp-indy\/results\/"},"modified":"2023-07-17T12:29:33","modified_gmt":"2023-07-17T16:29:33","slug":"results","status":"publish","type":"page","link":"https:\/\/kippindy.org\/es\/why-kipp-indy\/results\/","title":{"rendered":"Resultados"},"content":{"rendered":"","protected":false},"excerpt":{"rendered":"","protected":false},"author":1,"featured_media":0,"parent":1679,"menu_order":22,"comment_status":"closed","ping_status":"closed","template":"page-blocks.php","meta":{"_acf_changed":false,"content-type":"","om_disable_all_campaigns":false,"inline_featured_image":false,"_monsterinsights_skip_tracking":false,"_monsterinsights_sitenote_active":false,"_monsterinsights_sitenote_note":"","_monsterinsights_sitenote_category":0,"_uf_show_specific_survey":0,"_uf_disable_surveys":false,"footnotes":""},"class_list":["post-1685","page","type-page","status-publish","hentry"],"acf":[],"yoast_head":"<!-- This site is optimized with the Yoast SEO plugin v27.3 - https:\/\/yoast.com\/product\/yoast-seo-wordpress\/ -->\n<title>Resultados | Escuelas P\u00fablicas KIPP Indy<\/title>\n<meta name=\"description\" content=\"Para preparar a los estudiantes con las competencias necesarias para tener \u00e9xito, los maestros de KIPP Indy ofrecen un plan de estudios y una educaci\u00f3n rigurosos y de alta calidad.\" \/>\n<meta name=\"robots\" content=\"index, follow, max-snippet:-1, max-image-preview:large, max-video-preview:-1\" \/>\n<link rel=\"canonical\" href=\"https:\/\/kippindy.org\/es\/why-kipp-indy\/results\/\" \/>\n<meta property=\"og:locale\" content=\"es_ES\" \/>\n<meta property=\"og:type\" content=\"article\" \/>\n<meta property=\"og:title\" content=\"Resultados | Escuelas P\u00fablicas KIPP Indy\" \/>\n<meta property=\"og:description\" content=\"Para preparar a los estudiantes con las competencias necesarias para tener \u00e9xito, los maestros de KIPP Indy ofrecen un plan de estudios y una educaci\u00f3n rigurosos y de alta calidad.\" \/>\n<meta property=\"og:url\" content=\"https:\/\/kippindy.org\/es\/why-kipp-indy\/results\/\" \/>\n<meta property=\"og:site_name\" content=\"KIPP Indy Public Schools\" \/>\n<meta property=\"article:modified_time\" content=\"2023-07-17T16:29:33+00:00\" \/>\n<meta name=\"twitter:card\" content=\"summary_large_image\" \/>\n<script type=\"application\/ld+json\" class=\"yoast-schema-graph\">{\"@context\":\"https:\\\/\\\/schema.org\",\"@graph\":[{\"@type\":\"WebPage\",\"@id\":\"https:\\\/\\\/kippindy.org\\\/es\\\/why-kipp-indy\\\/results\\\/\",\"url\":\"https:\\\/\\\/kippindy.org\\\/es\\\/why-kipp-indy\\\/results\\\/\",\"name\":\"Resultados | Escuelas P\u00fablicas KIPP Indy\",\"isPartOf\":{\"@id\":\"https:\\\/\\\/kippindy.org\\\/es\\\/#website\"},\"datePublished\":\"2021-08-09T22:49:05+00:00\",\"dateModified\":\"2023-07-17T16:29:33+00:00\",\"description\":\"Para preparar a los estudiantes con las competencias necesarias para tener \u00e9xito, los maestros de KIPP Indy ofrecen un plan de estudios y una educaci\u00f3n rigurosos y de alta calidad.\",\"breadcrumb\":{\"@id\":\"https:\\\/\\\/kippindy.org\\\/es\\\/why-kipp-indy\\\/results\\\/#breadcrumb\"},\"inLanguage\":\"es\",\"potentialAction\":[{\"@type\":\"ReadAction\",\"target\":[\"https:\\\/\\\/kippindy.org\\\/es\\\/why-kipp-indy\\\/results\\\/\"]}]},{\"@type\":\"BreadcrumbList\",\"@id\":\"https:\\\/\\\/kippindy.org\\\/es\\\/why-kipp-indy\\\/results\\\/#breadcrumb\",\"itemListElement\":[{\"@type\":\"ListItem\",\"position\":1,\"name\":\"Home\",\"item\":\"https:\\\/\\\/kippindy.org\\\/es\\\/\"},{\"@type\":\"ListItem\",\"position\":2,\"name\":\"Por qu\u00e9 KIPP Indy\",\"item\":\"https:\\\/\\\/kippindy.org\\\/es\\\/why-kipp-indy\\\/\"},{\"@type\":\"ListItem\",\"position\":3,\"name\":\"Resultados\"}]},{\"@type\":\"WebSite\",\"@id\":\"https:\\\/\\\/kippindy.org\\\/es\\\/#website\",\"url\":\"https:\\\/\\\/kippindy.org\\\/es\\\/\",\"name\":\"KIPP Indy Public Schools\",\"description\":\"Together, a future without limits.\",\"potentialAction\":[{\"@type\":\"SearchAction\",\"target\":{\"@type\":\"EntryPoint\",\"urlTemplate\":\"https:\\\/\\\/kippindy.org\\\/es\\\/?s={search_term_string}\"},\"query-input\":{\"@type\":\"PropertyValueSpecification\",\"valueRequired\":true,\"valueName\":\"search_term_string\"}}],\"inLanguage\":\"es\"}]}<\/script>\n<!-- \/ Yoast SEO plugin. -->","yoast_head_json":{"title":"Resultados | Escuelas P\u00fablicas KIPP Indy","description":"Para preparar a los estudiantes con las competencias necesarias para tener \u00e9xito, los maestros de KIPP Indy ofrecen un plan de estudios y una educaci\u00f3n rigurosos y de alta calidad.","robots":{"index":"index","follow":"follow","max-snippet":"max-snippet:-1","max-image-preview":"max-image-preview:large","max-video-preview":"max-video-preview:-1"},"canonical":"https:\/\/kippindy.org\/es\/why-kipp-indy\/results\/","og_locale":"es_ES","og_type":"article","og_title":"Resultados | Escuelas P\u00fablicas KIPP Indy","og_description":"Para preparar a los estudiantes con las competencias necesarias para tener \u00e9xito, los maestros de KIPP Indy ofrecen un plan de estudios y una educaci\u00f3n rigurosos y de alta calidad.","og_url":"https:\/\/kippindy.org\/es\/why-kipp-indy\/results\/","og_site_name":"KIPP Indy Public Schools","article_modified_time":"2023-07-17T16:29:33+00:00","twitter_card":"summary_large_image","schema":{"@context":"https:\/\/schema.org","@graph":[{"@type":"WebPage","@id":"https:\/\/kippindy.org\/es\/why-kipp-indy\/results\/","url":"https:\/\/kippindy.org\/es\/why-kipp-indy\/results\/","name":"Resultados | Escuelas P\u00fablicas KIPP Indy","isPartOf":{"@id":"https:\/\/kippindy.org\/es\/#website"},"datePublished":"2021-08-09T22:49:05+00:00","dateModified":"2023-07-17T16:29:33+00:00","description":"Para preparar a los estudiantes con las competencias necesarias para tener \u00e9xito, los maestros de KIPP Indy ofrecen un plan de estudios y una educaci\u00f3n rigurosos y de alta calidad.","breadcrumb":{"@id":"https:\/\/kippindy.org\/es\/why-kipp-indy\/results\/#breadcrumb"},"inLanguage":"es","potentialAction":[{"@type":"ReadAction","target":["https:\/\/kippindy.org\/es\/why-kipp-indy\/results\/"]}]},{"@type":"BreadcrumbList","@id":"https:\/\/kippindy.org\/es\/why-kipp-indy\/results\/#breadcrumb","itemListElement":[{"@type":"ListItem","position":1,"name":"Home","item":"https:\/\/kippindy.org\/es\/"},{"@type":"ListItem","position":2,"name":"Por qu\u00e9 KIPP Indy","item":"https:\/\/kippindy.org\/es\/why-kipp-indy\/"},{"@type":"ListItem","position":3,"name":"Resultados"}]},{"@type":"WebSite","@id":"https:\/\/kippindy.org\/es\/#website","url":"https:\/\/kippindy.org\/es\/","name":"KIPP Indy Public Schools","description":"Together, a future without limits.","potentialAction":[{"@type":"SearchAction","target":{"@type":"EntryPoint","urlTemplate":"https:\/\/kippindy.org\/es\/?s={search_term_string}"},"query-input":{"@type":"PropertyValueSpecification","valueRequired":true,"valueName":"search_term_string"}}],"inLanguage":"es"}]}},"_links":{"self":[{"href":"https:\/\/kippindy.org\/es\/wp-json\/wp\/v2\/pages\/1685","targetHints":{"allow":["GET"]}}],"collection":[{"href":"https:\/\/kippindy.org\/es\/wp-json\/wp\/v2\/pages"}],"about":[{"href":"https:\/\/kippindy.org\/es\/wp-json\/wp\/v2\/types\/page"}],"author":[{"embeddable":true,"href":"https:\/\/kippindy.org\/es\/wp-json\/wp\/v2\/users\/1"}],"replies":[{"embeddable":true,"href":"https:\/\/kippindy.org\/es\/wp-json\/wp\/v2\/comments?post=1685"}],"version-history":[{"count":6,"href":"https:\/\/kippindy.org\/es\/wp-json\/wp\/v2\/pages\/1685\/revisions"}],"predecessor-version":[{"id":2450,"href":"https:\/\/kippindy.org\/es\/wp-json\/wp\/v2\/pages\/1685\/revisions\/2450"}],"up":[{"embeddable":true,"href":"https:\/\/kippindy.org\/es\/wp-json\/wp\/v2\/pages\/1679"}],"wp:attachment":[{"href":"https:\/\/kippindy.org\/es\/wp-json\/wp\/v2\/media?parent=1685"}],"curies":[{"name":"wp","href":"https:\/\/api.w.org\/{rel}","templated":true}]}}