{"id":1702,"date":"2021-08-09T17:55:47","date_gmt":"2021-08-09T21:55:47","guid":{"rendered":"https:\/\/kippindy.org\/why-kipp-indy\/kipp-forward\/"},"modified":"2022-03-24T17:03:02","modified_gmt":"2022-03-24T17:03:02","slug":"kipp-forward","status":"publish","type":"page","link":"https:\/\/kippindy.org\/es\/kipp-forward\/","title":{"rendered":"KIPP Avanzar"},"content":{"rendered":"","protected":false},"excerpt":{"rendered":"","protected":false},"author":1,"featured_media":0,"parent":0,"menu_order":24,"comment_status":"closed","ping_status":"closed","template":"page-blocks.php","meta":{"_acf_changed":false,"content-type":"","om_disable_all_campaigns":false,"inline_featured_image":false,"_monsterinsights_skip_tracking":false,"_monsterinsights_sitenote_active":false,"_monsterinsights_sitenote_note":"","_monsterinsights_sitenote_category":0,"_uf_show_specific_survey":0,"_uf_disable_surveys":false,"footnotes":""},"class_list":["post-1702","page","type-page","status-publish","hentry"],"acf":[],"yoast_head":"<!-- This site is optimized with the Yoast SEO plugin v27.3 - https:\/\/yoast.com\/product\/yoast-seo-wordpress\/ -->\n<title>KIPP Avanzar | Escuelas P\u00fablica KIPP Indy<\/title>\n<meta name=\"description\" content=\"Los consejeros de KIPP Avanzar apoyan a los estudiantes y los exalumnos a atravesar los desaf\u00edos acad\u00e9micos, sociales y financieros con los que se puedan encontrar mientras se dedican a su educaci\u00f3n.\" \/>\n<meta name=\"robots\" content=\"index, follow, max-snippet:-1, max-image-preview:large, max-video-preview:-1\" \/>\n<link rel=\"canonical\" href=\"https:\/\/kippindy.org\/es\/kipp-forward\/\" \/>\n<meta property=\"og:locale\" content=\"es_ES\" \/>\n<meta property=\"og:type\" content=\"article\" \/>\n<meta property=\"og:title\" content=\"KIPP Avanzar | Escuelas P\u00fablica KIPP Indy\" \/>\n<meta property=\"og:description\" content=\"Los consejeros de KIPP Avanzar apoyan a los estudiantes y los exalumnos a atravesar los desaf\u00edos acad\u00e9micos, sociales y financieros con los que se puedan encontrar mientras se dedican a su educaci\u00f3n.\" \/>\n<meta property=\"og:url\" content=\"https:\/\/kippindy.org\/es\/kipp-forward\/\" \/>\n<meta property=\"og:site_name\" content=\"KIPP Indy Public Schools\" \/>\n<meta property=\"article:modified_time\" content=\"2022-03-24T17:03:02+00:00\" \/>\n<meta name=\"twitter:card\" content=\"summary_large_image\" \/>\n<script type=\"application\/ld+json\" class=\"yoast-schema-graph\">{\"@context\":\"https:\\\/\\\/schema.org\",\"@graph\":[{\"@type\":\"WebPage\",\"@id\":\"https:\\\/\\\/kippindy.org\\\/es\\\/kipp-forward\\\/\",\"url\":\"https:\\\/\\\/kippindy.org\\\/es\\\/kipp-forward\\\/\",\"name\":\"KIPP Avanzar | Escuelas P\u00fablica KIPP Indy\",\"isPartOf\":{\"@id\":\"https:\\\/\\\/kippindy.org\\\/es\\\/#website\"},\"datePublished\":\"2021-08-09T21:55:47+00:00\",\"dateModified\":\"2022-03-24T17:03:02+00:00\",\"description\":\"Los consejeros de KIPP Avanzar apoyan a los estudiantes y los exalumnos a atravesar los desaf\u00edos acad\u00e9micos, sociales y financieros con los que se puedan encontrar mientras se dedican a su educaci\u00f3n.\",\"breadcrumb\":{\"@id\":\"https:\\\/\\\/kippindy.org\\\/es\\\/kipp-forward\\\/#breadcrumb\"},\"inLanguage\":\"es\",\"potentialAction\":[{\"@type\":\"ReadAction\",\"target\":[\"https:\\\/\\\/kippindy.org\\\/es\\\/kipp-forward\\\/\"]}]},{\"@type\":\"BreadcrumbList\",\"@id\":\"https:\\\/\\\/kippindy.org\\\/es\\\/kipp-forward\\\/#breadcrumb\",\"itemListElement\":[{\"@type\":\"ListItem\",\"position\":1,\"name\":\"Home\",\"item\":\"https:\\\/\\\/kippindy.org\\\/es\\\/\"},{\"@type\":\"ListItem\",\"position\":2,\"name\":\"KIPP Avanzar\"}]},{\"@type\":\"WebSite\",\"@id\":\"https:\\\/\\\/kippindy.org\\\/es\\\/#website\",\"url\":\"https:\\\/\\\/kippindy.org\\\/es\\\/\",\"name\":\"KIPP Indy Public Schools\",\"description\":\"Together, a future without limits.\",\"potentialAction\":[{\"@type\":\"SearchAction\",\"target\":{\"@type\":\"EntryPoint\",\"urlTemplate\":\"https:\\\/\\\/kippindy.org\\\/es\\\/?s={search_term_string}\"},\"query-input\":{\"@type\":\"PropertyValueSpecification\",\"valueRequired\":true,\"valueName\":\"search_term_string\"}}],\"inLanguage\":\"es\"}]}<\/script>\n<!-- \/ Yoast SEO plugin. -->","yoast_head_json":{"title":"KIPP Avanzar | Escuelas P\u00fablica KIPP Indy","description":"Los consejeros de KIPP Avanzar apoyan a los estudiantes y los exalumnos a atravesar los desaf\u00edos acad\u00e9micos, sociales y financieros con los que se puedan encontrar mientras se dedican a su educaci\u00f3n.","robots":{"index":"index","follow":"follow","max-snippet":"max-snippet:-1","max-image-preview":"max-image-preview:large","max-video-preview":"max-video-preview:-1"},"canonical":"https:\/\/kippindy.org\/es\/kipp-forward\/","og_locale":"es_ES","og_type":"article","og_title":"KIPP Avanzar | Escuelas P\u00fablica KIPP Indy","og_description":"Los consejeros de KIPP Avanzar apoyan a los estudiantes y los exalumnos a atravesar los desaf\u00edos acad\u00e9micos, sociales y financieros con los que se puedan encontrar mientras se dedican a su educaci\u00f3n.","og_url":"https:\/\/kippindy.org\/es\/kipp-forward\/","og_site_name":"KIPP Indy Public Schools","article_modified_time":"2022-03-24T17:03:02+00:00","twitter_card":"summary_large_image","schema":{"@context":"https:\/\/schema.org","@graph":[{"@type":"WebPage","@id":"https:\/\/kippindy.org\/es\/kipp-forward\/","url":"https:\/\/kippindy.org\/es\/kipp-forward\/","name":"KIPP Avanzar | Escuelas P\u00fablica KIPP Indy","isPartOf":{"@id":"https:\/\/kippindy.org\/es\/#website"},"datePublished":"2021-08-09T21:55:47+00:00","dateModified":"2022-03-24T17:03:02+00:00","description":"Los consejeros de KIPP Avanzar apoyan a los estudiantes y los exalumnos a atravesar los desaf\u00edos acad\u00e9micos, sociales y financieros con los que se puedan encontrar mientras se dedican a su educaci\u00f3n.","breadcrumb":{"@id":"https:\/\/kippindy.org\/es\/kipp-forward\/#breadcrumb"},"inLanguage":"es","potentialAction":[{"@type":"ReadAction","target":["https:\/\/kippindy.org\/es\/kipp-forward\/"]}]},{"@type":"BreadcrumbList","@id":"https:\/\/kippindy.org\/es\/kipp-forward\/#breadcrumb","itemListElement":[{"@type":"ListItem","position":1,"name":"Home","item":"https:\/\/kippindy.org\/es\/"},{"@type":"ListItem","position":2,"name":"KIPP Avanzar"}]},{"@type":"WebSite","@id":"https:\/\/kippindy.org\/es\/#website","url":"https:\/\/kippindy.org\/es\/","name":"KIPP Indy Public Schools","description":"Together, a future without limits.","potentialAction":[{"@type":"SearchAction","target":{"@type":"EntryPoint","urlTemplate":"https:\/\/kippindy.org\/es\/?s={search_term_string}"},"query-input":{"@type":"PropertyValueSpecification","valueRequired":true,"valueName":"search_term_string"}}],"inLanguage":"es"}]}},"_links":{"self":[{"href":"https:\/\/kippindy.org\/es\/wp-json\/wp\/v2\/pages\/1702","targetHints":{"allow":["GET"]}}],"collection":[{"href":"https:\/\/kippindy.org\/es\/wp-json\/wp\/v2\/pages"}],"about":[{"href":"https:\/\/kippindy.org\/es\/wp-json\/wp\/v2\/types\/page"}],"author":[{"embeddable":true,"href":"https:\/\/kippindy.org\/es\/wp-json\/wp\/v2\/users\/1"}],"replies":[{"embeddable":true,"href":"https:\/\/kippindy.org\/es\/wp-json\/wp\/v2\/comments?post=1702"}],"version-history":[{"count":3,"href":"https:\/\/kippindy.org\/es\/wp-json\/wp\/v2\/pages\/1702\/revisions"}],"predecessor-version":[{"id":1818,"href":"https:\/\/kippindy.org\/es\/wp-json\/wp\/v2\/pages\/1702\/revisions\/1818"}],"wp:attachment":[{"href":"https:\/\/kippindy.org\/es\/wp-json\/wp\/v2\/media?parent=1702"}],"curies":[{"name":"wp","href":"https:\/\/api.w.org\/{rel}","templated":true}]}}