{"id":3491,"date":"2026-04-03T15:20:18","date_gmt":"2026-04-03T19:20:18","guid":{"rendered":"https:\/\/kippindy.org\/?page_id=3491"},"modified":"2026-04-03T15:20:18","modified_gmt":"2026-04-03T19:20:18","slug":"recursos-para-estudiantes-y-familias","status":"publish","type":"page","link":"https:\/\/kippindy.org\/es\/resources\/student-and-family-resources\/recursos-para-estudiantes-y-familias\/","title":{"rendered":"Recursos para estudiantes y familias"},"content":{"rendered":"","protected":false},"excerpt":{"rendered":"","protected":false},"author":3,"featured_media":0,"parent":1629,"menu_order":48,"comment_status":"closed","ping_status":"closed","template":"page-blocks.php","meta":{"_acf_changed":false,"content-type":"","om_disable_all_campaigns":false,"inline_featured_image":false,"_monsterinsights_skip_tracking":false,"_monsterinsights_sitenote_active":false,"_monsterinsights_sitenote_note":"","_monsterinsights_sitenote_category":0,"_uf_show_specific_survey":0,"_uf_disable_surveys":false,"footnotes":""},"class_list":["post-3491","page","type-page","status-publish","hentry"],"acf":[],"yoast_head":"<!-- This site is optimized with the Yoast SEO plugin v27.3 - https:\/\/yoast.com\/product\/yoast-seo-wordpress\/ -->\n<title>Recursos para estudiantes y familias | Escuelas P\u00fablicas KIPP Indy<\/title>\n<meta name=\"description\" content=\"Consulta la informaci\u00f3n sobre men\u00fas de almuerzo, uniformes escolares, el portal para padres, informaci\u00f3n diaria de la escuela, el manual de estudiantes y m\u00e1s.\" \/>\n<meta name=\"robots\" content=\"index, follow, max-snippet:-1, max-image-preview:large, max-video-preview:-1\" \/>\n<link rel=\"canonical\" href=\"https:\/\/kippindy.org\/es\/resources\/student-and-family-resources\/recursos-para-estudiantes-y-familias\/\" \/>\n<meta property=\"og:locale\" content=\"es_ES\" \/>\n<meta property=\"og:type\" content=\"article\" \/>\n<meta property=\"og:title\" content=\"Recursos para estudiantes y familias | Escuelas P\u00fablicas KIPP Indy\" \/>\n<meta property=\"og:description\" content=\"Consulta la informaci\u00f3n sobre men\u00fas de almuerzo, uniformes escolares, el portal para padres, informaci\u00f3n diaria de la escuela, el manual de estudiantes y m\u00e1s.\" \/>\n<meta property=\"og:url\" content=\"https:\/\/kippindy.org\/es\/resources\/student-and-family-resources\/recursos-para-estudiantes-y-familias\/\" \/>\n<meta property=\"og:site_name\" content=\"KIPP Indy Public Schools\" \/>\n<meta name=\"twitter:card\" content=\"summary_large_image\" \/>\n<script type=\"application\/ld+json\" class=\"yoast-schema-graph\">{\"@context\":\"https:\\\/\\\/schema.org\",\"@graph\":[{\"@type\":\"WebPage\",\"@id\":\"https:\\\/\\\/kippindy.org\\\/es\\\/resources\\\/student-and-family-resources\\\/recursos-para-estudiantes-y-familias\\\/\",\"url\":\"https:\\\/\\\/kippindy.org\\\/es\\\/resources\\\/student-and-family-resources\\\/recursos-para-estudiantes-y-familias\\\/\",\"name\":\"Recursos para estudiantes y familias | Escuelas P\u00fablicas KIPP Indy\",\"isPartOf\":{\"@id\":\"https:\\\/\\\/kippindy.org\\\/es\\\/#website\"},\"datePublished\":\"2026-04-03T19:20:18+00:00\",\"description\":\"Consulta la informaci\u00f3n sobre men\u00fas de almuerzo, uniformes escolares, el portal para padres, informaci\u00f3n diaria de la escuela, el manual de estudiantes y m\u00e1s.\",\"breadcrumb\":{\"@id\":\"https:\\\/\\\/kippindy.org\\\/es\\\/resources\\\/student-and-family-resources\\\/recursos-para-estudiantes-y-familias\\\/#breadcrumb\"},\"inLanguage\":\"es\",\"potentialAction\":[{\"@type\":\"ReadAction\",\"target\":[\"https:\\\/\\\/kippindy.org\\\/es\\\/resources\\\/student-and-family-resources\\\/recursos-para-estudiantes-y-familias\\\/\"]}]},{\"@type\":\"BreadcrumbList\",\"@id\":\"https:\\\/\\\/kippindy.org\\\/es\\\/resources\\\/student-and-family-resources\\\/recursos-para-estudiantes-y-familias\\\/#breadcrumb\",\"itemListElement\":[{\"@type\":\"ListItem\",\"position\":1,\"name\":\"Home\",\"item\":\"https:\\\/\\\/kippindy.org\\\/es\\\/\"},{\"@type\":\"ListItem\",\"position\":2,\"name\":\"Recursos\",\"item\":\"https:\\\/\\\/kippindy.org\\\/es\\\/resources\\\/\"},{\"@type\":\"ListItem\",\"position\":3,\"name\":\"Recursos para estudiantes y familias\",\"item\":\"https:\\\/\\\/kippindy.org\\\/es\\\/resources\\\/student-and-family-resources\\\/\"},{\"@type\":\"ListItem\",\"position\":4,\"name\":\"Recursos para estudiantes y familias\"}]},{\"@type\":\"WebSite\",\"@id\":\"https:\\\/\\\/kippindy.org\\\/es\\\/#website\",\"url\":\"https:\\\/\\\/kippindy.org\\\/es\\\/\",\"name\":\"KIPP Indy Public Schools\",\"description\":\"Together, a future without limits.\",\"potentialAction\":[{\"@type\":\"SearchAction\",\"target\":{\"@type\":\"EntryPoint\",\"urlTemplate\":\"https:\\\/\\\/kippindy.org\\\/es\\\/?s={search_term_string}\"},\"query-input\":{\"@type\":\"PropertyValueSpecification\",\"valueRequired\":true,\"valueName\":\"search_term_string\"}}],\"inLanguage\":\"es\"}]}<\/script>\n<!-- \/ Yoast SEO plugin. -->","yoast_head_json":{"title":"Recursos para estudiantes y familias | Escuelas P\u00fablicas KIPP Indy","description":"Consulta la informaci\u00f3n sobre men\u00fas de almuerzo, uniformes escolares, el portal para padres, informaci\u00f3n diaria de la escuela, el manual de estudiantes y m\u00e1s.","robots":{"index":"index","follow":"follow","max-snippet":"max-snippet:-1","max-image-preview":"max-image-preview:large","max-video-preview":"max-video-preview:-1"},"canonical":"https:\/\/kippindy.org\/es\/resources\/student-and-family-resources\/recursos-para-estudiantes-y-familias\/","og_locale":"es_ES","og_type":"article","og_title":"Recursos para estudiantes y familias | Escuelas P\u00fablicas KIPP Indy","og_description":"Consulta la informaci\u00f3n sobre men\u00fas de almuerzo, uniformes escolares, el portal para padres, informaci\u00f3n diaria de la escuela, el manual de estudiantes y m\u00e1s.","og_url":"https:\/\/kippindy.org\/es\/resources\/student-and-family-resources\/recursos-para-estudiantes-y-familias\/","og_site_name":"KIPP Indy Public Schools","twitter_card":"summary_large_image","schema":{"@context":"https:\/\/schema.org","@graph":[{"@type":"WebPage","@id":"https:\/\/kippindy.org\/es\/resources\/student-and-family-resources\/recursos-para-estudiantes-y-familias\/","url":"https:\/\/kippindy.org\/es\/resources\/student-and-family-resources\/recursos-para-estudiantes-y-familias\/","name":"Recursos para estudiantes y familias | Escuelas P\u00fablicas KIPP Indy","isPartOf":{"@id":"https:\/\/kippindy.org\/es\/#website"},"datePublished":"2026-04-03T19:20:18+00:00","description":"Consulta la informaci\u00f3n sobre men\u00fas de almuerzo, uniformes escolares, el portal para padres, informaci\u00f3n diaria de la escuela, el manual de estudiantes y m\u00e1s.","breadcrumb":{"@id":"https:\/\/kippindy.org\/es\/resources\/student-and-family-resources\/recursos-para-estudiantes-y-familias\/#breadcrumb"},"inLanguage":"es","potentialAction":[{"@type":"ReadAction","target":["https:\/\/kippindy.org\/es\/resources\/student-and-family-resources\/recursos-para-estudiantes-y-familias\/"]}]},{"@type":"BreadcrumbList","@id":"https:\/\/kippindy.org\/es\/resources\/student-and-family-resources\/recursos-para-estudiantes-y-familias\/#breadcrumb","itemListElement":[{"@type":"ListItem","position":1,"name":"Home","item":"https:\/\/kippindy.org\/es\/"},{"@type":"ListItem","position":2,"name":"Recursos","item":"https:\/\/kippindy.org\/es\/resources\/"},{"@type":"ListItem","position":3,"name":"Recursos para estudiantes y familias","item":"https:\/\/kippindy.org\/es\/resources\/student-and-family-resources\/"},{"@type":"ListItem","position":4,"name":"Recursos para estudiantes y familias"}]},{"@type":"WebSite","@id":"https:\/\/kippindy.org\/es\/#website","url":"https:\/\/kippindy.org\/es\/","name":"KIPP Indy Public Schools","description":"Together, a future without limits.","potentialAction":[{"@type":"SearchAction","target":{"@type":"EntryPoint","urlTemplate":"https:\/\/kippindy.org\/es\/?s={search_term_string}"},"query-input":{"@type":"PropertyValueSpecification","valueRequired":true,"valueName":"search_term_string"}}],"inLanguage":"es"}]}},"_links":{"self":[{"href":"https:\/\/kippindy.org\/es\/wp-json\/wp\/v2\/pages\/3491","targetHints":{"allow":["GET"]}}],"collection":[{"href":"https:\/\/kippindy.org\/es\/wp-json\/wp\/v2\/pages"}],"about":[{"href":"https:\/\/kippindy.org\/es\/wp-json\/wp\/v2\/types\/page"}],"author":[{"embeddable":true,"href":"https:\/\/kippindy.org\/es\/wp-json\/wp\/v2\/users\/3"}],"replies":[{"embeddable":true,"href":"https:\/\/kippindy.org\/es\/wp-json\/wp\/v2\/comments?post=3491"}],"version-history":[{"count":1,"href":"https:\/\/kippindy.org\/es\/wp-json\/wp\/v2\/pages\/3491\/revisions"}],"predecessor-version":[{"id":3497,"href":"https:\/\/kippindy.org\/es\/wp-json\/wp\/v2\/pages\/3491\/revisions\/3497"}],"up":[{"embeddable":true,"href":"https:\/\/kippindy.org\/es\/wp-json\/wp\/v2\/pages\/1629"}],"wp:attachment":[{"href":"https:\/\/kippindy.org\/es\/wp-json\/wp\/v2\/media?parent=3491"}],"curies":[{"name":"wp","href":"https:\/\/api.w.org\/{rel}","templated":true}]}}